{"id":22,"date":"2023-03-25T21:01:38","date_gmt":"2023-03-25T21:01:38","guid":{"rendered":"https:\/\/www.freeweb.nu\/retrobloggen\/?page_id=22"},"modified":"2023-03-28T18:15:34","modified_gmt":"2023-03-28T18:15:34","slug":"om-sidan","status":"publish","type":"page","link":"https:\/\/www.freeweb.nu\/retrobloggen\/om-sidan\/","title":{"rendered":"Om Sidan"},"content":{"rendered":"<p>Jag som driver denna retroblogg, heter Stephan och tycker om saker fr\u00e5n f\u00f6rr.<\/p>\n<p>Nu \u00e4r ju &#8221;f\u00f6rr&#8221; ett relativt begrepp. F\u00f6r mig handlar det mest om saker fr\u00e5n 70, 80 och 90-talen, dvs d\u00e5 jag v\u00e4xte upp eller var hyfsat ung.<\/p>\n<p>Jag kommer mestadels att visa saker jag har anknytning till p\u00e5 n\u00e5got s\u00e4tt, men det kan kanske slinka in en och annan grej som jag bara tycker \u00e4r cool !<\/p>\n<p>H\u00e5ll till godo vettja !<\/p>\n<p>\/Stephan<\/p>\n","protected":false},"excerpt":{"rendered":"<p>Jag som driver denna retroblogg, heter Stephan och tycker om saker fr&aring;n f&ouml;rr. Nu &auml;r ju &rdquo;f&ouml;rr&rdquo; ett relativt begrepp. F&ouml;r mig handlar det mest om saker fr&aring;n 70, 80 och 90-talen, dvs d&aring; jag v&auml;xte upp eller var hyfsat ung. Jag kommer mestadels att visa saker jag har anknytning till p&aring; n&aring;got s&auml;tt, men &hellip;<br \/><a href=\"https:\/\/www.freeweb.nu\/retrobloggen\/om-sidan\/\" class=\"more-link pen_button pen_element_default pen_icon_arrow_double\">Forts\u00e4tt l\u00e4sa <span class=\"screen-reader-text\">Om Sidan<\/span><\/a><\/p>\n","protected":false},"author":5,"featured_media":0,"parent":0,"menu_order":0,"comment_status":"closed","ping_status":"closed","template":"","meta":{"footnotes":""},"class_list":["post-22","page","type-page","status-publish","hentry"],"_links":{"self":[{"href":"https:\/\/www.freeweb.nu\/retrobloggen\/wp-json\/wp\/v2\/pages\/22","targetHints":{"allow":["GET"]}}],"collection":[{"href":"https:\/\/www.freeweb.nu\/retrobloggen\/wp-json\/wp\/v2\/pages"}],"about":[{"href":"https:\/\/www.freeweb.nu\/retrobloggen\/wp-json\/wp\/v2\/types\/page"}],"author":[{"embeddable":true,"href":"https:\/\/www.freeweb.nu\/retrobloggen\/wp-json\/wp\/v2\/users\/5"}],"replies":[{"embeddable":true,"href":"https:\/\/www.freeweb.nu\/retrobloggen\/wp-json\/wp\/v2\/comments?post=22"}],"version-history":[{"count":3,"href":"https:\/\/www.freeweb.nu\/retrobloggen\/wp-json\/wp\/v2\/pages\/22\/revisions"}],"predecessor-version":[{"id":117,"href":"https:\/\/www.freeweb.nu\/retrobloggen\/wp-json\/wp\/v2\/pages\/22\/revisions\/117"}],"wp:attachment":[{"href":"https:\/\/www.freeweb.nu\/retrobloggen\/wp-json\/wp\/v2\/media?parent=22"}],"curies":[{"name":"wp","href":"https:\/\/api.w.org\/{rel}","templated":true}]}}