{"id":227,"date":"2024-05-09T15:15:49","date_gmt":"2024-05-09T15:15:49","guid":{"rendered":"https:\/\/www.freeweb.nu\/kabinettfoto\/newsletter\/"},"modified":"2024-05-10T17:18:53","modified_gmt":"2024-05-10T17:18:53","slug":"newsletter","status":"publish","type":"page","link":"https:\/\/www.freeweb.nu\/kabinettfoto\/newsletter\/","title":{"rendered":"Newsletter"},"content":{"rendered":"<p>Anm\u00e4l dig till v\u00e5rt nyhetsbrev f\u00f6r att f\u00e5 de senaste uppdateringarna direkt till din mail !<br \/>\nIngen skr\u00e4ppost kommer fr\u00e5n denna sidan !<\/p>\n<div class=\"tnp tnp-subscription \">\n<form method=\"post\" action=\"https:\/\/www.freeweb.nu\/kabinettfoto\/?na=s\">\n<input type=\"hidden\" name=\"nlang\" value=\"\">\n<div class=\"tnp-field tnp-field-email\"><label for=\"tnp-1\">E-post<\/label>\n<input class=\"tnp-email\" type=\"email\" name=\"ne\" id=\"tnp-1\" value=\"\" placeholder=\"\" required><\/div>\n<div class=\"tnp-field tnp-field-button\" style=\"text-align: left\"><input class=\"tnp-submit\" type=\"submit\" value=\"Prenumerera\" style=\"\">\n<\/div>\n<\/form>\n<\/div>\n\n","protected":false},"excerpt":{"rendered":"<p>Anm&auml;l dig till v&aring;rt nyhetsbrev f&ouml;r att f&aring; de senaste uppdateringarna direkt till din mail ! Ingen skr&auml;ppost kommer fr&aring;n denna sidan !<\/p>\n","protected":false},"author":1,"featured_media":0,"parent":0,"menu_order":0,"comment_status":"closed","ping_status":"closed","template":"","meta":{"footnotes":""},"class_list":["post-227","page","type-page","status-publish","hentry"],"_links":{"self":[{"href":"https:\/\/www.freeweb.nu\/kabinettfoto\/wp-json\/wp\/v2\/pages\/227","targetHints":{"allow":["GET"]}}],"collection":[{"href":"https:\/\/www.freeweb.nu\/kabinettfoto\/wp-json\/wp\/v2\/pages"}],"about":[{"href":"https:\/\/www.freeweb.nu\/kabinettfoto\/wp-json\/wp\/v2\/types\/page"}],"author":[{"embeddable":true,"href":"https:\/\/www.freeweb.nu\/kabinettfoto\/wp-json\/wp\/v2\/users\/1"}],"replies":[{"embeddable":true,"href":"https:\/\/www.freeweb.nu\/kabinettfoto\/wp-json\/wp\/v2\/comments?post=227"}],"version-history":[{"count":1,"href":"https:\/\/www.freeweb.nu\/kabinettfoto\/wp-json\/wp\/v2\/pages\/227\/revisions"}],"predecessor-version":[{"id":242,"href":"https:\/\/www.freeweb.nu\/kabinettfoto\/wp-json\/wp\/v2\/pages\/227\/revisions\/242"}],"wp:attachment":[{"href":"https:\/\/www.freeweb.nu\/kabinettfoto\/wp-json\/wp\/v2\/media?parent=227"}],"curies":[{"name":"wp","href":"https:\/\/api.w.org\/{rel}","templated":true}]}}