{"id":216,"date":"2024-05-09T14:17:40","date_gmt":"2024-05-09T14:17:40","guid":{"rendered":"https:\/\/www.freeweb.nu\/kabinettfoto\/?page_id=216"},"modified":"2024-05-09T14:17:40","modified_gmt":"2024-05-09T14:17:40","slug":"lankar","status":"publish","type":"page","link":"https:\/\/www.freeweb.nu\/kabinettfoto\/lankar\/","title":{"rendered":"L\u00e4nkar"},"content":{"rendered":"<ul>\n<li><a href=\"https:\/\/minavykort.com\/vykort\/\" target=\"_blank\" rel=\"noopener\">Minavykort.com<\/a> &#8211; Tusentals vykort fr\u00e5n hela v\u00e4rlden med fokus p\u00e5 Sverige.<\/li>\n<li><a href=\"https:\/\/fotografregistret.se\/\" target=\"_blank\" rel=\"noopener\">Fotografregistret.se<\/a> &#8211; Katalog \u00f6ver svenska fotografer. (h\u00e4rifr\u00e5n har jag tagit mycket info om fotograferna) Tack !<\/li>\n<\/ul>\n<p style=\"text-align: center;\"><div class=\"a-single a-3\"><script async src=\"https:\/\/pagead2.googlesyndication.com\/pagead\/js\/adsbygoogle.js?client=ca-pub-6433269303180100\"\r\n     crossorigin=\"anonymous\"><\/script>\r\n<ins class=\"adsbygoogle\"\r\n     style=\"display:block; text-align:center;\"\r\n     data-ad-layout=\"in-article\"\r\n     data-ad-format=\"fluid\"\r\n     data-ad-client=\"ca-pub-6433269303180100\"\r\n     data-ad-slot=\"5499724097\"><\/ins>\r\n<script>\r\n     (adsbygoogle = window.adsbygoogle || []).push({});\r\n<\/script><\/div><\/p>\n","protected":false},"excerpt":{"rendered":"<p>Minavykort.com &ndash; Tusentals vykort fr&aring;n hela v&auml;rlden med fokus p&aring; Sverige. Fotografregistret.se &ndash; Katalog &ouml;ver svenska fotografer. (h&auml;rifr&aring;n har jag tagit mycket info om fotograferna) Tack !<\/p>\n","protected":false},"author":1,"featured_media":0,"parent":0,"menu_order":0,"comment_status":"closed","ping_status":"closed","template":"","meta":{"footnotes":""},"class_list":["post-216","page","type-page","status-publish","hentry"],"_links":{"self":[{"href":"https:\/\/www.freeweb.nu\/kabinettfoto\/wp-json\/wp\/v2\/pages\/216","targetHints":{"allow":["GET"]}}],"collection":[{"href":"https:\/\/www.freeweb.nu\/kabinettfoto\/wp-json\/wp\/v2\/pages"}],"about":[{"href":"https:\/\/www.freeweb.nu\/kabinettfoto\/wp-json\/wp\/v2\/types\/page"}],"author":[{"embeddable":true,"href":"https:\/\/www.freeweb.nu\/kabinettfoto\/wp-json\/wp\/v2\/users\/1"}],"replies":[{"embeddable":true,"href":"https:\/\/www.freeweb.nu\/kabinettfoto\/wp-json\/wp\/v2\/comments?post=216"}],"version-history":[{"count":1,"href":"https:\/\/www.freeweb.nu\/kabinettfoto\/wp-json\/wp\/v2\/pages\/216\/revisions"}],"predecessor-version":[{"id":218,"href":"https:\/\/www.freeweb.nu\/kabinettfoto\/wp-json\/wp\/v2\/pages\/216\/revisions\/218"}],"wp:attachment":[{"href":"https:\/\/www.freeweb.nu\/kabinettfoto\/wp-json\/wp\/v2\/media?parent=216"}],"curies":[{"name":"wp","href":"https:\/\/api.w.org\/{rel}","templated":true}]}}