{"id":109,"date":"2024-05-05T18:56:00","date_gmt":"2024-05-05T18:56:00","guid":{"rendered":"https:\/\/www.freeweb.nu\/kabinettfoto\/?page_id=109"},"modified":"2024-05-05T19:03:12","modified_gmt":"2024-05-05T19:03:12","slug":"om-sidan","status":"publish","type":"page","link":"https:\/\/www.freeweb.nu\/kabinettfoto\/om-sidan\/","title":{"rendered":"Om Sidan"},"content":{"rendered":"<p>Sidan \u00e4r inte p\u00e5 n\u00e5got s\u00e4tt ett f\u00f6rs\u00f6k att skapa en komplett katalog, snarare ett s\u00e4tt att publicera de kabinettfoton jag \u00e4ger.<br \/>\nFotona \u00e4r ofta anv\u00e4ndbara vid tex. sl\u00e4ktforskning och liknande.<br \/>\nMin tanke \u00e4r att l\u00e4gga upp nya bilder allt eftersom jag k\u00f6per nya.<br \/>\nHoppas att sidan kommer till nytta.<br \/>\nHar du bilder i din samling som du vill l\u00e4gga upp h\u00e4r, tar jag tacksamt emot bilder.<br \/>\nKontakt information kommer snart.<\/p>\n<p>Det enklaste s\u00e4ttet att hitta \u00e4r att s\u00f6ka p\u00e5 stad, fotograf, namn p\u00e5 person eller n\u00e5got annat.<br \/>\nJag skriver alltid ut namn p\u00e5 personer om det finns n\u00e5gon information p\u00e5 fotot.<\/p>\n","protected":false},"excerpt":{"rendered":"<p>Sidan &auml;r inte p&aring; n&aring;got s&auml;tt ett f&ouml;rs&ouml;k att skapa en komplett katalog, snarare ett s&auml;tt att publicera de kabinettfoton jag &auml;ger. Fotona &auml;r ofta anv&auml;ndbara vid tex. sl&auml;ktforskning och liknande. Min tanke &auml;r att l&auml;gga upp nya bilder allt eftersom jag k&ouml;per nya. Hoppas att sidan kommer till nytta. Har du bilder i din &hellip;<br \/><a href=\"https:\/\/www.freeweb.nu\/kabinettfoto\/om-sidan\/\" class=\"more-link pen_button pen_element_default pen_icon_arrow_double\">L\u00e4s mer<\/a><\/p>\n","protected":false},"author":1,"featured_media":0,"parent":0,"menu_order":0,"comment_status":"closed","ping_status":"closed","template":"","meta":{"footnotes":""},"class_list":["post-109","page","type-page","status-publish","hentry"],"_links":{"self":[{"href":"https:\/\/www.freeweb.nu\/kabinettfoto\/wp-json\/wp\/v2\/pages\/109","targetHints":{"allow":["GET"]}}],"collection":[{"href":"https:\/\/www.freeweb.nu\/kabinettfoto\/wp-json\/wp\/v2\/pages"}],"about":[{"href":"https:\/\/www.freeweb.nu\/kabinettfoto\/wp-json\/wp\/v2\/types\/page"}],"author":[{"embeddable":true,"href":"https:\/\/www.freeweb.nu\/kabinettfoto\/wp-json\/wp\/v2\/users\/1"}],"replies":[{"embeddable":true,"href":"https:\/\/www.freeweb.nu\/kabinettfoto\/wp-json\/wp\/v2\/comments?post=109"}],"version-history":[{"count":3,"href":"https:\/\/www.freeweb.nu\/kabinettfoto\/wp-json\/wp\/v2\/pages\/109\/revisions"}],"predecessor-version":[{"id":113,"href":"https:\/\/www.freeweb.nu\/kabinettfoto\/wp-json\/wp\/v2\/pages\/109\/revisions\/113"}],"wp:attachment":[{"href":"https:\/\/www.freeweb.nu\/kabinettfoto\/wp-json\/wp\/v2\/media?parent=109"}],"curies":[{"name":"wp","href":"https:\/\/api.w.org\/{rel}","templated":true}]}}